{"id":1899,"date":"2015-04-17T12:48:41","date_gmt":"2015-04-17T10:48:41","guid":{"rendered":"http:http:\/\/sloboda.ba\/\/?page_id=1899"},"modified":"2025-10-12T01:45:56","modified_gmt":"2025-10-11T23:45:56","slug":"o-nama","status":"publish","type":"page","link":"https:\/\/sloboda.ba\/okkslobodatest\/o-nama\/","title":{"rendered":"O nama"},"content":{"rendered":"\t\t<div data-elementor-type=\"wp-page\" data-elementor-id=\"1899\" class=\"elementor elementor-1899\">\n\t\t\t\t<div class=\"elementor-element elementor-element-3567e809 e-flex e-con-boxed sc_layouts_column_icons_position_left e-con e-parent\" data-id=\"3567e809\" data-element_type=\"container\">\n\t\t\t\t\t<div class=\"e-con-inner\">\n\t\t\t\t<div class=\"elementor-element elementor-element-7ac9a84a sc_fly_static elementor-widget elementor-widget-text-editor\" data-id=\"7ac9a84a\" data-element_type=\"widget\" data-widget_type=\"text-editor.default\">\n\t\t\t\t\t\t\t\t\t<p><img fetchpriority=\"high\" decoding=\"async\" class=\"size-medium wp-image-45107 alignright\" src=\"https:\/\/sloboda.ba\/okkslobodatest\/wp-content\/uploads\/2025\/10\/okk-sloboda-grb-kosarka-final-original-300x285.png\" alt=\"\" width=\"300\" height=\"285\" \/><\/p>\n<figure class=\"wp-block-image alignright size-large is-resized\"><\/figure>\n<p><!-- \/wp:image --><\/p>\n<p><!-- wp:list --><\/p>\n<ul class=\"wp-block-list\">\n<li style=\"list-style-type: none;\">\n<ul class=\"wp-block-list\"><!-- wp:list-item -->\n<li>\n<h6><em>Puni naziv kluba: Omladinski ko\u0161arka\u0161ki klub &#8220;Sloboda&#8221;<\/em><\/h6>\n<\/li>\n<\/ul>\n<\/li>\n<\/ul>\n<ul class=\"wp-block-list\">\n<li style=\"list-style-type: none;\">\n<ul class=\"wp-block-list\">\n<li>\n<h6><em>Skra\u0107eni naziv kluba: OKK &#8220;Sloboda&#8221;<\/em><\/h6>\n<\/li>\n<\/ul>\n<\/li>\n<\/ul>\n<ul class=\"wp-block-list\">\n<li style=\"list-style-type: none;\">\n<ul class=\"wp-block-list\">\n<li>\n<h6><em>Klupske boje: Crveno &#8211; crna<\/em><\/h6>\n<\/li>\n<\/ul>\n<\/li>\n<\/ul>\n<ul class=\"wp-block-list\">\n<li style=\"list-style-type: none;\">\n<ul class=\"wp-block-list\">\n<li>\n<h6><em>Dvorana: SKPC &#8220;Mejdan&#8221;, Tuzla<\/em><\/h6>\n<\/li>\n<\/ul>\n<\/li>\n<\/ul>\n<p><!-- \/wp:list-item --><\/p>\n<p><!-- \/wp:list --><\/p>\n<p><!-- wp:separator --><\/p>\n<hr \/>\n<p>Ko\u0161arka se u Tuzli po\u010dela igrati po zavr\u0161etku Drugog svjetskog rata. Zaljubljenici u ovu, na ovom podru\u010dju novu sportsku igru, 1946. godine, izme\u0111u ostalih klubova kao sto su KK &#8220;Jedinstvo&#8221;, KK &#8220;Proleter&#8221;, KK &#8220;Rudar&#8221; iz Kreke, osnivaju i Ko\u0161arka\u0161ki klub &#8220;Sloboda&#8221;.<\/p>\n<p><!-- \/wp:paragraph --><\/p>\n<p><!-- wp:paragraph --><\/p>\n<p>Najsvjetlije trenutke tuzlanska ko\u0161arka do\u017eivljava krajem pro\u0161log vijeka, a osnovni pokreta\u010d i nosilac te igre bio je Ko\u0161arka\u0161ki klub &#8220;Sloboda &#8211; Dita&#8221;. Pod ovim imenom tuzlanska ko\u0161arka je postala poznata ne samo na prostoru biv\u0161e Jugoslavije, ve\u0107 i \u0161ire.<\/p>\n<p><!-- \/wp:paragraph --><\/p>\n<p><!-- wp:paragraph --><\/p>\n<p>Za vrijeme SFR Jugoslavije klub je nastupao u Prvoj federalnoj ligi Jugoslavije &#8211; YUBA. Nakon progla\u0161enja nezavisnosti Republike Bosne i Hercegovine u ranim godinama KK &#8220;Sloboda &#8211; Dita&#8221; je bila najuspje\u0161niji ko\u0161arka\u0161ki klub osvojiv\u0161i pet puta ligu, \u0161est puta kup i sedam puta super kup. KK &#8220;Sloboda &#8211; Dita&#8221; je nastupala u premijernoj sezoni Jadranske lige zavr\u0161iv\u0161i na petom mjestu kao najuspje\u0161niji bosanskohercegova\u010dki ko\u0161arka\u0161ki klub.<\/p>\n<p><!-- \/wp:paragraph --><\/p>\n<p><!-- wp:paragraph --><\/p>\n<p>Na\u017ealost kao i u mnogim drugim stvarima, poslije vrhunskih rezultata do\u0161li su i padovi. Krajem prve decenije 21. vijeka KK &#8220;Sloboda&#8221; je do\u017eivila te\u017eak period \u0161to je rezultiralo zamrzavanjem kluba 28. septembra 2011. godine i reorganizacijom, tako da je od 2011 godine nosilac ko\u0161arke u gradu Tuzli postao Omladinski ko\u0161arka\u0161ki klub &#8220;Sloboda&#8221; Tuzla. OKK &#8220;Sloboda&#8221; je zadr\u017eala sve elemente KK &#8220;Sloboda&#8221;, a odmah je postala i \u010dlan Radni\u010dkog sportskog dru\u0161tva &#8220;Sloboda&#8221;.<\/p>\n<p>Nakon reorganizacije kluba novoformirani Omladinski ko\u0161arka\u0161ki klub je krenuo iz najni\u017eeg ranga takmi\u010denja A2 lige Sjever FBiH. U sezoni 2011\/2012 OKK &#8220;Sloboda&#8221; osvaja A2 ligu i ostvaruje plasman u A1 ligu FBiH u kojoj u sezoni 2012\/2013 zavr\u0161ava na drugom mjestu i ostvaruje plasman u &#8220;Ligu 12&#8221; KS BiH.\u00a0U sezoni 2014\/15 OKK Sloboda je u prvom dijelu Prvenstva BiH &#8211; Ligi 12 &#8211; zauzela tre\u0107e mjesto i plasirala se u doigravanje za prvaka dr\u017eave &#8211; Ligu 6. Nakon odigranih 10 kola OKK &#8220;Sloboda&#8221; osvaja 4. mjesto i tim plasmanom je izborila u\u010de\u0161\u0107e u polufinale play-off-a protiv prvoplasirane ekipe, KK \u201eIgokea\u201c iz Aleksandrovca \u2013 aktuelnog prvaka BiH i predstavnika na\u0161e dr\u017eave u ABA ligi.<\/p>\n<p><!-- \/wp:paragraph --><\/p>\n<p><!-- wp:paragraph --><\/p>\n<p>OKK &#8220;Sloboda&#8221; je u vrlo kratkom vremenu postala prepoznatljiva u \u010ditavoj Bosni i Hercegovini, a i \u0161ire, kako po igra\u010dkoj kvaliteti, tako i po organizaciji, kao jedan od najorganizovanijih sportskih kolektiva u BiH, radu sa mladima, a pogotovu po \u0161iroko poznatoj tuzlanskoj publici i dvorani &#8220;Mejdan&#8221;.<\/p>\n<p><!-- \/wp:paragraph --><\/p>\t\t\t\t\t\t\t\t<\/div>\n\t\t\t\t\t<\/div>\n\t\t\t\t<\/div>\n\t\t\t\t<\/div>\n\t\t","protected":false},"excerpt":{"rendered":"<p>Puni naziv kluba: Omladinski ko\u0161arka\u0161ki klub &#8220;Sloboda&#8221; Skra\u0107eni naziv kluba: OKK &#8220;Sloboda&#8221; Klupske boje: Crveno &#8211; crna Dvorana: SKPC &#8220;Mejdan&#8221;, Tuzla Ko\u0161arka se u Tuzli po\u010dela igrati po zavr\u0161etku&hellip;<\/p>\n","protected":false},"author":2,"featured_media":0,"parent":0,"menu_order":0,"comment_status":"closed","ping_status":"open","template":"","meta":{"footnotes":""},"class_list":["post-1899","page","type-page","status-publish","hentry"],"_links":{"self":[{"href":"https:\/\/sloboda.ba\/okkslobodatest\/wp-json\/wp\/v2\/pages\/1899","targetHints":{"allow":["GET"]}}],"collection":[{"href":"https:\/\/sloboda.ba\/okkslobodatest\/wp-json\/wp\/v2\/pages"}],"about":[{"href":"https:\/\/sloboda.ba\/okkslobodatest\/wp-json\/wp\/v2\/types\/page"}],"author":[{"embeddable":true,"href":"https:\/\/sloboda.ba\/okkslobodatest\/wp-json\/wp\/v2\/users\/2"}],"replies":[{"embeddable":true,"href":"https:\/\/sloboda.ba\/okkslobodatest\/wp-json\/wp\/v2\/comments?post=1899"}],"version-history":[{"count":64,"href":"https:\/\/sloboda.ba\/okkslobodatest\/wp-json\/wp\/v2\/pages\/1899\/revisions"}],"predecessor-version":[{"id":45631,"href":"https:\/\/sloboda.ba\/okkslobodatest\/wp-json\/wp\/v2\/pages\/1899\/revisions\/45631"}],"wp:attachment":[{"href":"https:\/\/sloboda.ba\/okkslobodatest\/wp-json\/wp\/v2\/media?parent=1899"}],"curies":[{"name":"wp","href":"https:\/\/api.w.org\/{rel}","templated":true}]}}